{"id":258,"date":"2023-08-30T00:01:24","date_gmt":"2023-08-30T03:01:24","guid":{"rendered":"https:\/\/asmbjja.com.br\/?page_id=258"},"modified":"2023-09-22T20:09:56","modified_gmt":"2023-09-22T23:09:56","slug":"noticias","status":"publish","type":"page","link":"https:\/\/asmbjja.com.br\/index.php\/noticias\/","title":{"rendered":"Not\u00edcias"},"content":{"rendered":"\n<div class=\"wp-block-query is-layout-flow wp-block-query-is-layout-flow\"><ul class=\"columns-3 wp-block-post-template is-layout-grid wp-container-7 wp-block-post-template-is-layout-grid\"><li class=\"wp-block-post post-836 post type-post status-publish format-standard hentry category-blog\">\n\n<div class=\"wp-block-group is-layout-flow wp-block-group-is-layout-flow\" style=\"padding-top:30px;padding-right:30px;padding-bottom:30px;padding-left:30px\"><div class=\"wp-block-group__inner-container\"><h2 class=\"wp-block-post-title\"><a href=\"https:\/\/asmbjja.com.br\/index.php\/2023\/09\/10\/seminarios-de-jiu-jitsu-na-coreia-com-marco-tulio-destaque-para-a-guarda-dela-riva-e-anuncio-da-setima-filial-asm-bjj\/\" target=\"_self\" >Semin\u00e1rios de Jiu-Jitsu na Coreia com Marcos T\u00falio: Destaque para a Guarda Dela Riva e An\u00fancio da S\u00e9tima Filial ASM BJJ!<\/a><\/h2>\n\n<div class=\"wp-block-post-excerpt\"><p class=\"wp-block-post-excerpt__excerpt\">O l\u00edder e mestre da ASM BJJ. Marcos T\u00falio. marcou presen\u00e7a na Coreia para ministrar um semin\u00e1rio geral que contou com a participa\u00e7\u00e3o de 80 praticantes da arte suave. Mas a jornada de T\u00falio na Coreia n\u00e3o se limitou a esse grande evento. Ele fez quest\u00e3o de visitar cada uma das 6 filiais da ASM&hellip;&nbsp;Read&hellip;<\/p><p class=\"wp-block-post-excerpt__more-text\"><a class=\"wp-block-post-excerpt__more-link\" href=\"https:\/\/asmbjja.com.br\/index.php\/2023\/09\/10\/seminarios-de-jiu-jitsu-na-coreia-com-marco-tulio-destaque-para-a-guarda-dela-riva-e-anuncio-da-setima-filial-asm-bjj\/\">Leia mais<\/a><\/p><\/div><\/div><\/div>\n\n<\/li><li class=\"wp-block-post post-719 post type-post status-publish format-standard hentry category-blog\">\n\n<div class=\"wp-block-group is-layout-flow wp-block-group-is-layout-flow\" style=\"padding-top:30px;padding-right:30px;padding-bottom:30px;padding-left:30px\"><div class=\"wp-block-group__inner-container\"><h2 class=\"wp-block-post-title\"><a href=\"https:\/\/asmbjja.com.br\/index.php\/2023\/09\/06\/seminario-na-flilial-bel-air-bjj-maryland-usa\/\" target=\"_self\" >Semin\u00e1rio no Afiliado Bel Air BJJ Maryland USA<\/a><\/h2>\n\n<div class=\"wp-block-post-excerpt\"><p class=\"wp-block-post-excerpt__excerpt\">Em uma semana intensa e repleta de aprendizado, a filial norte-americana da ASM BJJ, localizada em Bel Air, Maryland, sediou um semin\u00e1rio de treinamento &#8211; o &#8220;Trainning Camp&#8221;. Com uma estrutura impec\u00e1vel, a academia Bel Air BJJ, gerenciada pelo renomado faixa preta Sergio Pimentel, se tornou o palco de trocas de conhecimentos e t\u00e9cnicas avan\u00e7adas.&hellip;&nbsp;Read&hellip;<\/p><p class=\"wp-block-post-excerpt__more-text\"><a class=\"wp-block-post-excerpt__more-link\" href=\"https:\/\/asmbjja.com.br\/index.php\/2023\/09\/06\/seminario-na-flilial-bel-air-bjj-maryland-usa\/\">Leia mais<\/a><\/p><\/div><\/div><\/div>\n\n<\/li><li class=\"wp-block-post post-445 post type-post status-publish format-standard hentry category-blog\">\n\n<div class=\"wp-block-group is-layout-flow wp-block-group-is-layout-flow\" style=\"padding-top:30px;padding-right:30px;padding-bottom:30px;padding-left:30px\"><div class=\"wp-block-group__inner-container\"><h2 class=\"wp-block-post-title\"><a href=\"https:\/\/asmbjja.com.br\/index.php\/2023\/09\/03\/marcos-tulio-seminario-na-finlandia\/\" target=\"_self\" >Marcos T\u00falio Semin\u00e1rio na Finl\u00e2ndia<\/a><\/h2>\n\n<div class=\"wp-block-post-excerpt\"><p class=\"wp-block-post-excerpt__excerpt\">Em 19\/11\/2019, primeira vez na Finl\u00e2ndia, com a faixa-preta Katjusa Horman, na Academia de Jud\u00f4 Kurikan Seibukan, na cidade de Kurikka. Experi\u00eancia incr\u00edvel com \u00f3timos e disciplinados atletas de Jud\u00f4.<\/p><p class=\"wp-block-post-excerpt__more-text\"><a class=\"wp-block-post-excerpt__more-link\" href=\"https:\/\/asmbjja.com.br\/index.php\/2023\/09\/03\/marcos-tulio-seminario-na-finlandia\/\">Leia mais<\/a><\/p><\/div><\/div><\/div>\n\n<\/li><li class=\"wp-block-post post-437 post type-post status-publish format-standard hentry category-blog\">\n\n<div class=\"wp-block-group is-layout-flow wp-block-group-is-layout-flow\" style=\"padding-top:30px;padding-right:30px;padding-bottom:30px;padding-left:30px\"><div class=\"wp-block-group__inner-container\"><h2 class=\"wp-block-post-title\"><a href=\"https:\/\/asmbjja.com.br\/index.php\/2023\/09\/03\/437\/\" target=\"_self\" >Marcos Tulio faz semin\u00e1rio no Kuwait, na Tornado Academy<\/a><\/h2>\n\n<div class=\"wp-block-post-excerpt\"><p class=\"wp-block-post-excerpt__excerpt\">Em 07\/12\/2019, Mestre Marcos Tulio e sua primeira participa\u00e7\u00e3o no Kuwait, em um semin\u00e1rio e na inaugura\u00e7\u00e3o da nova filial Tornado Academy. Ele foi convidado por Abdullah Almullah, l\u00edder da Tornado, e tamb\u00e9m veio acompanhado por Abdullah Alnajd, que \u00e9 faixa-marrom e o primeiro aluno da ASM no Kuwait.<\/p><p class=\"wp-block-post-excerpt__more-text\"><a class=\"wp-block-post-excerpt__more-link\" href=\"https:\/\/asmbjja.com.br\/index.php\/2023\/09\/03\/437\/\">Leia mais<\/a><\/p><\/div><\/div><\/div>\n\n<\/li><li class=\"wp-block-post post-427 post type-post status-publish format-standard hentry category-blog\">\n\n<div class=\"wp-block-group is-layout-flow wp-block-group-is-layout-flow\" style=\"padding-top:30px;padding-right:30px;padding-bottom:30px;padding-left:30px\"><div class=\"wp-block-group__inner-container\"><h2 class=\"wp-block-post-title\"><a href=\"https:\/\/asmbjja.com.br\/index.php\/2023\/09\/03\/427\/\" target=\"_self\" >ASM BJJ Brasil abre novo afiliado<\/a><\/h2>\n\n<div class=\"wp-block-post-excerpt\"><p class=\"wp-block-post-excerpt__excerpt\">Em 05\/08\/2020, nossa nova filial no bairro Pedra Branca, na cidade de Palho\u00e7a, com os faixas pretas Rauz Bazanez e Gustavo Verissimo. Estamos muito orgulhosos de anunciar a abertura de uma filial neste cen\u00e1rio de pandemia. Felizes por ter dois Professores experientes trabalhando juntos.<\/p><p class=\"wp-block-post-excerpt__more-text\"><a class=\"wp-block-post-excerpt__more-link\" href=\"https:\/\/asmbjja.com.br\/index.php\/2023\/09\/03\/427\/\">Leia mais<\/a><\/p><\/div><\/div><\/div>\n\n<\/li><li class=\"wp-block-post post-420 post type-post status-publish format-standard hentry category-blog\">\n\n<div class=\"wp-block-group is-layout-flow wp-block-group-is-layout-flow\" style=\"padding-top:30px;padding-right:30px;padding-bottom:30px;padding-left:30px\"><div class=\"wp-block-group__inner-container\"><h2 class=\"wp-block-post-title\"><a href=\"https:\/\/asmbjja.com.br\/index.php\/2023\/09\/03\/420\/\" target=\"_self\" >Primeira Promo\u00e7\u00e3o de Faixa na Cor\u00e9ia do Sul pelo Zoom.<\/a><\/h2>\n\n<div class=\"wp-block-post-excerpt\"><p class=\"wp-block-post-excerpt__excerpt\">Em 14\/08\/2020, nossa primeira cerim\u00f4nia de promo\u00e7\u00e3o de faixas pelo Zoom, na Cor\u00e9ia do Sul, com nosso faixa preta e primeiro associado, Yoon, que est\u00e1 se esfor\u00e7ando muito para melhorar e manter os treinamentos na WABS &#8211; ASM BJJ KOREA. Essa ideia incr\u00edvel se tornou uma forma simples de manter as coisas como normais nos&hellip;&nbsp;Read&hellip;<\/p><p class=\"wp-block-post-excerpt__more-text\"><a class=\"wp-block-post-excerpt__more-link\" href=\"https:\/\/asmbjja.com.br\/index.php\/2023\/09\/03\/420\/\">Leia mais<\/a><\/p><\/div><\/div><\/div>\n\n<\/li><\/ul><\/div>\n","protected":false},"excerpt":{"rendered":"","protected":false},"author":1,"featured_media":914,"parent":0,"menu_order":0,"comment_status":"closed","ping_status":"closed","template":"","meta":{"neve_meta_sidebar":"","neve_meta_container":"","neve_meta_enable_content_width":"","neve_meta_content_width":0,"neve_meta_title_alignment":"","neve_meta_author_avatar":"","neve_post_elements_order":"","neve_meta_disable_header":"","neve_meta_disable_footer":"","neve_meta_disable_title":"","footnotes":""},"_links":{"self":[{"href":"https:\/\/asmbjja.com.br\/index.php\/wp-json\/wp\/v2\/pages\/258"}],"collection":[{"href":"https:\/\/asmbjja.com.br\/index.php\/wp-json\/wp\/v2\/pages"}],"about":[{"href":"https:\/\/asmbjja.com.br\/index.php\/wp-json\/wp\/v2\/types\/page"}],"author":[{"embeddable":true,"href":"https:\/\/asmbjja.com.br\/index.php\/wp-json\/wp\/v2\/users\/1"}],"replies":[{"embeddable":true,"href":"https:\/\/asmbjja.com.br\/index.php\/wp-json\/wp\/v2\/comments?post=258"}],"version-history":[{"count":3,"href":"https:\/\/asmbjja.com.br\/index.php\/wp-json\/wp\/v2\/pages\/258\/revisions"}],"predecessor-version":[{"id":566,"href":"https:\/\/asmbjja.com.br\/index.php\/wp-json\/wp\/v2\/pages\/258\/revisions\/566"}],"wp:featuredmedia":[{"embeddable":true,"href":"https:\/\/asmbjja.com.br\/index.php\/wp-json\/wp\/v2\/media\/914"}],"wp:attachment":[{"href":"https:\/\/asmbjja.com.br\/index.php\/wp-json\/wp\/v2\/media?parent=258"}],"curies":[{"name":"wp","href":"https:\/\/api.w.org\/{rel}","templated":true}]}}